{"id":9,"date":"2022-11-07T07:50:47","date_gmt":"2022-11-07T07:50:47","guid":{"rendered":"https:\/\/web-logicx.com\/clients\/prague_demo\/cart\/"},"modified":"2022-11-18T08:10:03","modified_gmt":"2022-11-18T08:10:03","slug":"cart","status":"publish","type":"page","link":"https:\/\/web-logicx.com\/clients\/partyvpraze\/cart\/","title":{"rendered":"Cart"},"content":{"rendered":"<section class=\"wpb-content-wrapper\"><p>[vc_row basel_bg_position=&#8221;center-bottom&#8221; el_class=&#8221;calltosection&#8221; css=&#8221;.vc_custom_1667995874193{background-image: url(https:\/\/web-logicx.com\/clients\/partyvpraze\/wp-content\/uploads\/2022\/11\/newback.jpg?id=365) !important;background-position: center !important;background-repeat: no-repeat !important;background-size: cover !important;}&#8221;][vc_column][vc_custom_heading text=&#8221;Mate ot\u00e1zky nebo speci\u00e1ln\u00ed po\u017eadavky?&#8221; font_container=&#8221;tag:h2|text_align:center|color:%23ffffff&#8221; use_theme_fonts=&#8221;yes&#8221;][vc_custom_heading text=&#8221;Kontaktujte n\u00e1s kdykoliv, r\u00e1di pro V\u00e1s zorganizujeme nejlep\u0161\u00ed z\u00e1\u017eitky.&#8221; font_container=&#8221;tag:h6|text_align:center|color:%23c67f8e&#8221; use_theme_fonts=&#8221;yes&#8221;][vc_row_inner el_class=&#8221;container&#8221;][vc_column_inner width=&#8221;1\/4&#8243;][vc_raw_html]JTNDdWwlMjBjbGFzcyUzRCUyMnNvY2lhbF9mb2xsb3clMjIlM0UlMEElM0NsaSUzRSUzQ2klMjBjbGFzcyUzRCUyMmZhJTIwZmEtZW52ZWxvcGUlMjIlMjBhcmlhLWhpZGRlbiUzRCUyMnRydWUlMjIlM0UlM0MlMkZpJTNFJTNDJTJGbGklM0UlMEElM0MlMkZ1bCUzRQ==[\/vc_raw_html][vc_column_text]<a href=\"mailto:info@praguestagfun.com\">info@praguestagfun.com<\/a>[\/vc_column_text][\/vc_column_inner][vc_column_inner width=&#8221;1\/4&#8243;][vc_raw_html]JTNDdWwlMjBjbGFzcyUzRCUyMnNvY2lhbF9mb2xsb3clMjIlM0UlMEElM0NsaSUzRSUzQ2klMjBjbGFzcyUzRCUyMmZhJTIwZmEtcGhvbmUlMjIlMjBhcmlhLWhpZGRlbiUzRCUyMnRydWUlMjIlM0UlM0MlMkZpJTNFJTNDJTJGbGklM0UlMEElM0NsaSUzRSUzQ2klMjBjbGFzcyUzRCUyMmZhJTIwZmEtd2hhdHNhcHAlMjIlMjBhcmlhLWhpZGRlbiUzRCUyMnRydWUlMjIlM0UlM0MlMkZpJTNFJTNDJTJGbGklM0UlMEElM0MlMkZ1bCUzRQ==[\/vc_raw_html][vc_column_text]<a href=\"tel:+420 603 481 556\">+420 603 481 556<\/a>[\/vc_column_text][\/vc_column_inner][vc_column_inner width=&#8221;1\/4&#8243;][vc_raw_html]JTNDdWwlMjBjbGFzcyUzRCUyMnNvY2lhbF9mb2xsb3clMjIlM0UlMEElM0NsaSUzRSUzQ2klMjBjbGFzcyUzRCUyMmZhJTIwZmEtc2t5cGUlMjIlMjBhcmlhLWhpZGRlbiUzRCUyMnRydWUlMjIlM0UlM0MlMkZpJTNFJTNDJTJGbGklM0UlMEElM0MlMkZ1bCUzRQ==[\/vc_raw_html][vc_column_text]artofyourtravel[\/vc_column_text][\/vc_column_inner][vc_column_inner width=&#8221;1\/4&#8243;][vc_raw_html]JTNDdWwlMjBjbGFzcyUzRCUyMnNvY2lhbF9mb2xsb3clMjIlM0UlMEElM0NsaSUzRSUzQ2ElMjBocmVmJTNEJTIyaHR0cHMlM0ElMkYlMkZ3d3cuaW5zdGFncmFtLmNvbSUyRnByYWd1ZXN0YWdmdW4lMkYlMjIlMjByZWwlM0QlMjJub29wZW5lciUyMiUyMHRhcmdldCUzRCUyMl9ibGFuayUyMiUzRSUzQ2klMjBjbGFzcyUzRCUyMmZhJTIwZmEtaW5zdGFncmFtJTIyJTIwYXJpYS1oaWRkZW4lM0QlMjJ0cnVlJTIyJTNFJTNDJTJGaSUzRSUzQyUyRmElM0UlM0MlMkZsaSUzRSUwQSUzQ2xpJTNFJTNDYSUyMGhyZWYlM0QlMjJodHRwcyUzQSUyRiUyRnd3dy5mYWNlYm9vay5jb20lMkZwcmFndWVzdGFnZnVuJTJGJTIyJTIwcmVsJTNEJTIybm9vcGVuZXIlMjIlMjB0YXJnZXQlM0QlMjJfYmxhbmslMjIlM0UlM0NpJTIwY2xhc3MlM0QlMjJmYSUyMGZhLWZhY2Vib29rJTIyJTIwYXJpYS1oaWRkZW4lM0QlMjJ0cnVlJTIyJTNFJTNDJTJGaSUzRSUzQyUyRmElM0UlM0MlMkZsaSUzRSUwQSUzQ2xpJTNFJTNDYSUyMGhyZWYlM0QlMjJodHRwcyUzQSUyRiUyRnd3dy50cmlwYWR2aXNvci5jb20lMkZBdHRyYWN0aW9uX1Jldmlldy1nMjc0NzA3LWQyMjAyNTc0LVJldmlld3MtQXJ0X29mX1lvdXJfVHJhdmVsX1RvdXJzLVByYWd1ZV9Cb2hlbWlhLmh0bWwlMjIlMjByZWwlM0QlMjJub29wZW5lciUyMiUyMHRhcmdldCUzRCUyMl9ibGFuayUyMiUzRSUzQ2klMjBjbGFzcyUzRCUyMmZhJTIwZmEtdHJpcGFkdmlzb3IlMjIlMjBhcmlhLWhpZGRlbiUzRCUyMnRydWUlMjIlM0UlM0MlMkZpJTNFJTNDJTJGYSUzRSUzQyUyRmxpJTNFJTBBJTNDJTJGdWwlM0U=[\/vc_raw_html][vc_column_text]Follow us[\/vc_column_text][\/vc_column_inner][\/vc_row_inner][\/vc_column][\/vc_row]<\/p>\n<\/section>","protected":false},"excerpt":{"rendered":"<p>[vc_row basel_bg_position=&#8221;center-bottom&#8221; el_class=&#8221;calltosection&#8221; css=&#8221;.vc_custom_1667995874193{background-image: url(https:\/\/web-logicx.com\/clients\/partyvpraze\/wp-content\/uploads\/2022\/11\/newback.jpg?id=365) !important;background-position: center !important;background-repeat: no-repeat !important;background-size: cover !important;}&#8221;][vc_column][vc_custom_heading text=&#8221;Mate ot\u00e1zky nebo speci\u00e1ln\u00ed po\u017eadavky?&#8221; font_container=&#8221;tag:h2|text_align:center|color:%23ffffff&#8221; use_theme_fonts=&#8221;yes&#8221;][vc_custom_heading text=&#8221;Kontaktujte<\/p>\n","protected":false},"author":1,"featured_media":313,"parent":0,"menu_order":0,"comment_status":"closed","ping_status":"closed","template":"","meta":{"footnotes":""},"class_list":["post-9","page","type-page","status-publish","has-post-thumbnail","hentry"],"_links":{"self":[{"href":"https:\/\/web-logicx.com\/clients\/partyvpraze\/wp-json\/wp\/v2\/pages\/9","targetHints":{"allow":["GET"]}}],"collection":[{"href":"https:\/\/web-logicx.com\/clients\/partyvpraze\/wp-json\/wp\/v2\/pages"}],"about":[{"href":"https:\/\/web-logicx.com\/clients\/partyvpraze\/wp-json\/wp\/v2\/types\/page"}],"author":[{"embeddable":true,"href":"https:\/\/web-logicx.com\/clients\/partyvpraze\/wp-json\/wp\/v2\/users\/1"}],"replies":[{"embeddable":true,"href":"https:\/\/web-logicx.com\/clients\/partyvpraze\/wp-json\/wp\/v2\/comments?post=9"}],"version-history":[{"count":9,"href":"https:\/\/web-logicx.com\/clients\/partyvpraze\/wp-json\/wp\/v2\/pages\/9\/revisions"}],"predecessor-version":[{"id":371,"href":"https:\/\/web-logicx.com\/clients\/partyvpraze\/wp-json\/wp\/v2\/pages\/9\/revisions\/371"}],"wp:featuredmedia":[{"embeddable":true,"href":"https:\/\/web-logicx.com\/clients\/partyvpraze\/wp-json\/wp\/v2\/media\/313"}],"wp:attachment":[{"href":"https:\/\/web-logicx.com\/clients\/partyvpraze\/wp-json\/wp\/v2\/media?parent=9"}],"curies":[{"name":"wp","href":"https:\/\/api.w.org\/{rel}","templated":true}]}}