{"id":1324,"date":"2022-11-17T07:37:02","date_gmt":"2022-11-17T07:37:02","guid":{"rendered":"https:\/\/web-logicx.com\/clients\/prague_demo\/?page_id=1324"},"modified":"2023-01-12T12:09:38","modified_gmt":"2023-01-12T12:09:38","slug":"podminky","status":"publish","type":"page","link":"https:\/\/web-logicx.com\/clients\/partyvpraze\/podminky\/","title":{"rendered":"PODM\u00cdNKY"},"content":{"rendered":"<section class=\"wpb-content-wrapper\"><p>[vc_row full_width=&#8221;stretch_row&#8221; el_class=&#8221;tcsection&#8221; css=&#8221;.vc_custom_1668670730805{padding-top: 150px !important;padding-bottom: 90px !important;background-color: #00000e !important;}&#8221;][vc_column][vc_column_text]<\/p>\n<div>\n<h3 class=\"PragueCol\">Objedn\u00e1vka a COVID 19<\/h3>\n<ul>\n<li>Na\u0161e firma funguje podle z\u00e1kon\u016f a \u00fastavy \u0106R, to znamen\u00e1 \u017ee nesegregujeme klienty podle COVID pasu! U n\u00e1s funguje zelen\u00e1 z\u00f3na, fungovala a v\u017edy fungovat bude! Netrh\u00e1me partu, jsme tady pro lidi, bez rozd\u00edlu!<\/li>\n<li>Objedn\u00e1vka se potvrzuje emailem <a href=\"mailto:info@partyvpraze.live\">info@partyvpraze.live<\/a>.<\/li>\n<li>Po dokon\u010den\u00ed objedn\u00e1vky obdr\u017e\u00ed klient emailem rozvrh aktivit s datem a \u010dasem a fakturu.<\/li>\n<li>Z\u00e1loha je po\u017eadovan\u00e1 k potvrzen\u00ed ka\u017ed\u00e9 rezervace a \u010din\u00ed 30% z celkov\u00e9 \u010d\u00e1stky, doplatek m\u016f\u017ee b\u00fdt zaplacen na \u00fa\u010det p\u0159ed akc\u00ed, nebo v den akce na m\u00edst\u011b v hotovosti.<\/li>\n<\/ul>\n<\/div>\n<div>\n<h3>Platba<\/h3>\n<ul>\n<li>Partyvpraze.live nab\u00edz\u00ed 3 mo\u017enosti platby<\/li>\n<li>P\u0159ij\u00edm\u00e1me platby bankovn\u00edm p\u0159evodem, nebo na u\u010det Revolut, nebo Paypal. U PayPalu po\u017eadujeme uhradit 6% poplatek za pou\u017eit\u00ed platebn\u00ed karty.<\/li>\n<li>Doplatek se plat\u00ed bu\u010f p\u0159edem na v\u00fd\u0161e zm\u00edn\u011bn\u00e9 \u00fa\u010dty, nebo v hotovosti na za\u010d\u00e1tku akce.<\/li>\n<\/ul>\n<\/div>\n<div>\n<h3>Storno<\/h3>\n<ul>\n<li>Klient m\u016f\u017ee rezervaci zru\u0161it, ale z\u00e1loha je nevratn\u00e1, m\u016f\u017ee se pou\u017e\u00edt jako kredit n\u00e1sleduj\u00edc\u00ed 3 roky.<\/li>\n<li>Z\u00e1loha se ode\u010dte z finaln\u00ed \u010d\u00e1stky rezervac\u00ed, kter\u00e9 klient objedn\u00e1, dle aktu\u00e1ln\u00edho cenn\u00edku v roce, kdy voucher uplatn\u00ed.<\/li>\n<li>Pokud dojde k stornu 48 hodin p\u0159ed akc\u00ed, z\u00e1loha na ubytov\u00e1n\u00ed propad\u00e1 a ned\u00e1 se pou\u017e\u00edt jako kredit na dal\u0161\u00ed rezervace, storno aktiv\u00edt \u0159e\u0161\u00edme individu\u00e1ln\u011b.<\/li>\n<li>Storno za ubytov\u00e1n\u00ed je individu\u00e1ln\u00ed a klient je informov\u00e1n p\u0159i v\u00fdb\u011bru hotelu\/apartm\u00e1nu o podm\u00ednk\u00e1ch.<\/li>\n<\/ul>\n<\/div>\n<p>[\/vc_column_text][vc_row_inner][vc_column_inner width=&#8221;1\/2&#8243;][vc_column_text]<\/p>\n<h3 class=\"PragueCol\">Mezin\u00e1rodn\u00ed platby \u2013 EUR \u00fa\u010det<\/h3>\n<p>Adresa banky: Fio banka, a.s., V Celnici 1028\/10, Praha 1, \u010cesk\u00e1 republika<\/p>\n<p>\u010c\u00edslo \u00fa\u010dtu: 2300636640\/2010<br \/>\nIBAN: CZ1320100000002300636640<br \/>\nSWIFT: FIOBCZPPXXX[\/vc_column_text][\/vc_column_inner][vc_column_inner width=&#8221;1\/2&#8243;][vc_column_text]<\/p>\n<div>\n<h3>Platby v \u010cR<\/h3>\n<p>Jm\u00e9no majitele \u00fa\u010dtu: MARTINA GREGORCOVA<br \/>\nAccount number: 2500636637\/2010<br \/>\nIBAN: CZ8520100000002500636637<br \/>\nSWIFT: FIOBCZPPXXX<\/p>\n<\/div>\n<div>\n<h3 class=\"PragueCol\">Faktura\u010dn\u00ed \u00fadaje<\/h3>\n<p>I\u010cO: 71788484<br \/>\nDI\u010c: CZ8260167696<\/p>\n<\/div>\n<p>[\/vc_column_text][\/vc_column_inner][\/vc_row_inner][vc_column_text]<\/p>\n<div>\n<h3>D\u016fle\u017eit\u00e1 pozn\u00e1mka<\/h3>\n<p>Neneseme zodpov\u011bdnost za zran\u011bn\u00ed klienta, adrenalinov\u00e1 centra maj\u00ed sv\u00e9 vlastn\u00ed poji\u0161t\u011bn\u00ed zodpov\u011bdnosti a p\u0159ed aktivitou se podepisuje deklara\u010dn\u00ed forma.<\/p>\n<\/div>\n<div>\n<h3>Ochrana dat (GDPR)<\/h3>\n<p>Pou\u017e\u00edv\u00e1me Cookies k vylep\u0161en\u00ed va\u0161\u00ed zku\u0161enosti na na\u0161em webu.<\/p>\n<\/div>\n<p>[\/vc_column_text][\/vc_column][\/vc_row]<\/p>\n<\/section>","protected":false},"excerpt":{"rendered":"<p>[vc_row full_width=&#8221;stretch_row&#8221; el_class=&#8221;tcsection&#8221; css=&#8221;.vc_custom_1668670730805{padding-top: 150px !important;padding-bottom: 90px !important;background-color: #00000e !important;}&#8221;][vc_column][vc_column_text] Objedn\u00e1vka a COVID 19 Na\u0161e firma funguje podle z\u00e1kon\u016f a<\/p>\n","protected":false},"author":1,"featured_media":0,"parent":0,"menu_order":0,"comment_status":"closed","ping_status":"closed","template":"","meta":{"footnotes":""},"class_list":["post-1324","page","type-page","status-publish","hentry"],"_links":{"self":[{"href":"https:\/\/web-logicx.com\/clients\/partyvpraze\/wp-json\/wp\/v2\/pages\/1324","targetHints":{"allow":["GET"]}}],"collection":[{"href":"https:\/\/web-logicx.com\/clients\/partyvpraze\/wp-json\/wp\/v2\/pages"}],"about":[{"href":"https:\/\/web-logicx.com\/clients\/partyvpraze\/wp-json\/wp\/v2\/types\/page"}],"author":[{"embeddable":true,"href":"https:\/\/web-logicx.com\/clients\/partyvpraze\/wp-json\/wp\/v2\/users\/1"}],"replies":[{"embeddable":true,"href":"https:\/\/web-logicx.com\/clients\/partyvpraze\/wp-json\/wp\/v2\/comments?post=1324"}],"version-history":[{"count":5,"href":"https:\/\/web-logicx.com\/clients\/partyvpraze\/wp-json\/wp\/v2\/pages\/1324\/revisions"}],"predecessor-version":[{"id":2252,"href":"https:\/\/web-logicx.com\/clients\/partyvpraze\/wp-json\/wp\/v2\/pages\/1324\/revisions\/2252"}],"wp:attachment":[{"href":"https:\/\/web-logicx.com\/clients\/partyvpraze\/wp-json\/wp\/v2\/media?parent=1324"}],"curies":[{"name":"wp","href":"https:\/\/api.w.org\/{rel}","templated":true}]}}